{"id":330,"date":"2025-10-19T14:16:27","date_gmt":"2025-10-19T14:16:27","guid":{"rendered":"https:\/\/sufler.ai\/?page_id=330"},"modified":"2025-11-16T22:00:28","modified_gmt":"2025-11-16T22:00:28","slug":"zapisz-sie","status":"publish","type":"page","link":"https:\/\/sufler.ai\/pl\/zapisz-sie\/","title":{"rendered":"Zapisz si\u0119"},"content":{"rendered":"\t\t<div data-elementor-type=\"wp-page\" data-elementor-id=\"330\" class=\"elementor elementor-330\">\n\t\t\t\t<div class=\"elementor-element elementor-element-02b06f0 e-flex e-con-boxed wpr-particle-no wpr-jarallax-no wpr-parallax-no wpr-sticky-section-no e-con e-parent\" data-id=\"02b06f0\" data-element_type=\"container\" data-e-type=\"container\">\n\t\t\t\t\t<div class=\"e-con-inner\">\n\t\t<div class=\"elementor-element elementor-element-0545860 e-con-full e-flex wpr-particle-no wpr-jarallax-no wpr-parallax-no wpr-sticky-section-no e-con e-child\" data-id=\"0545860\" data-element_type=\"container\" data-e-type=\"container\">\n\t\t\t\t<div class=\"elementor-element elementor-element-c71ec67 elementor-widget elementor-widget-heading\" data-id=\"c71ec67\" data-element_type=\"widget\" data-e-type=\"widget\" data-widget_type=\"heading.default\">\n\t\t\t\t\t<h2 class=\"elementor-heading-title elementor-size-default\">Zapisz si\u0119 na testy! <\/h2>\t\t\t\t<\/div>\n\t\t\t\t<\/div>\n\t\t\t\t<div class=\"elementor-element elementor-element-e18e5de elementor-widget elementor-widget-text-editor\" data-id=\"e18e5de\" data-element_type=\"widget\" data-e-type=\"widget\" data-widget_type=\"text-editor.default\">\n\t\t\t\t\t\t\t\t\t<p>Formularz powsta\u0142, aby zebra\u0107 osoby zainteresowane udzia\u0142em w testach Suflera i umo\u017cliwi\u0107 nam dopasowanie narz\u0119dzia do realnych potrzeb u\u017cytkownik\u00f3w.<\/p>\t\t\t\t\t\t\t\t<\/div>\n\t\t\t\t<div class=\"elementor-element elementor-element-4e4ce22 elementor-widget elementor-widget-wpforms\" data-id=\"4e4ce22\" data-element_type=\"widget\" data-e-type=\"widget\" data-widget_type=\"wpforms.default\">\n\t\t\t\t<div class=\"elementor-widget-container\">\n\t\t\t\t\t<div class=\"wpforms-container wpforms-container-full wpforms-render-modern\" id=\"wpforms-550\"><form id=\"wpforms-form-550\" class=\"wpforms-validate wpforms-form wpforms-ajax-form\" data-formid=\"550\" method=\"post\" enctype=\"multipart\/form-data\" action=\"\/pl\/wp-json\/wp\/v2\/pages\/330\" data-token=\"95f91f3de8b3557dd10906596d428513\" data-token-time=\"1775471209\"><noscript class=\"wpforms-error-noscript\">Aby wype\u0142ni\u0107 ten formularz, w\u0142\u0105cz obs\u0142ug\u0119 JavaScript w przegl\u0105darce.<\/noscript><div id=\"wpforms-error-noscript\" style=\"display: none;\">Aby wype\u0142ni\u0107 ten formularz, w\u0142\u0105cz obs\u0142ug\u0119 JavaScript w przegl\u0105darce.<\/div><div class=\"wpforms-field-container\"><div id=\"wpforms-550-field_1-container\" class=\"wpforms-field wpforms-field-name\" data-field-id=\"1\"><fieldset><legend class=\"wpforms-field-label\">Contact details: Name, surname, email <span class=\"wpforms-required-label\" aria-hidden=\"true\">*<\/span><\/legend><div class=\"wpforms-field-row wpforms-field-medium\"><div class=\"wpforms-field-row-block wpforms-first wpforms-two-fifths\"><input type=\"text\" id=\"wpforms-550-field_1\" class=\"wpforms-field-name-first wpforms-field-required\" name=\"wpforms[fields][1][first]\" placeholder=\"Name\" aria-errormessage=\"wpforms-550-field_1-error\" required\/><label for=\"wpforms-550-field_1\" class=\"wpforms-field-sublabel after wpforms-sublabel-hide\">Pierwszy<\/label><\/div><div class=\"wpforms-field-row-block wpforms-one-fifth\"><input type=\"text\" id=\"wpforms-550-field_1-middle\" class=\"wpforms-field-name-middle\" name=\"wpforms[fields][1][middle]\" placeholder=\"Surname\" aria-errormessage=\"wpforms-550-field_1-middle-error\"\/><label for=\"wpforms-550-field_1-middle\" class=\"wpforms-field-sublabel after wpforms-sublabel-hide\">\u015arodek<\/label><\/div><div class=\"wpforms-field-row-block wpforms-two-fifths\"><input type=\"text\" id=\"wpforms-550-field_1-last\" class=\"wpforms-field-name-last wpforms-field-required\" name=\"wpforms[fields][1][last]\" placeholder=\"e-mail\" aria-errormessage=\"wpforms-550-field_1-last-error\" required\/><label for=\"wpforms-550-field_1-last\" class=\"wpforms-field-sublabel after wpforms-sublabel-hide\">Ostatni<\/label><\/div><\/div><\/fieldset><\/div><div id=\"wpforms-550-field_2-container\" class=\"wpforms-field wpforms-field-text\" data-field-id=\"2\"><label class=\"wpforms-field-label\" for=\"wpforms-550-field_2\">Job position <span class=\"wpforms-required-label\" aria-hidden=\"true\">*<\/span><\/label><input type=\"text\" id=\"wpforms-550-field_2\" class=\"wpforms-field-medium wpforms-field-required\" name=\"wpforms[fields][2]\" aria-errormessage=\"wpforms-550-field_2-error\" required\/><\/div><div id=\"wpforms-550-field_3-container\" class=\"wpforms-field wpforms-field-text\" data-field-id=\"3\"><label class=\"wpforms-field-label\" for=\"wpforms-550-field_3\">Company name<\/label><input type=\"text\" id=\"wpforms-550-field_3\" class=\"wpforms-field-medium\" name=\"wpforms[fields][3]\" aria-errormessage=\"wpforms-550-field_3-error\"\/><\/div>\t\t<div id=\"wpforms-550-field_5-container\"\n\t\t\tclass=\"wpforms-field wpforms-field-text\"\n\t\t\tdata-field-type=\"text\"\n\t\t\tdata-field-id=\"5\">\n\t\t\t<label class=\"wpforms-field-label\" for=\"wpforms-550-field_5\">* details: hear<\/label>\n\t\t\t<input type=\"text\" id=\"wpforms-550-field_5\" class=\"wpforms-field-medium\" name=\"wpforms[fields][5]\"\/>\n\t\t<\/div>\n\t\t<div id=\"wpforms-550-field_4-container\" class=\"wpforms-field wpforms-field-checkbox\" data-field-id=\"4\"><fieldset><legend class=\"wpforms-field-label\">Company size (number of people) <span class=\"wpforms-required-label\" aria-hidden=\"true\">*<\/span><\/legend><ul id=\"wpforms-550-field_4\" class=\"wpforms-field-required\"><li class=\"choice-1 depth-1\"><input type=\"checkbox\" id=\"wpforms-550-field_4_1\" name=\"wpforms[fields][4][]\" value=\"Large (over 250 people)\" aria-errormessage=\"wpforms-550-field_4_1-error\" required\/><label class=\"wpforms-field-label-inline\" for=\"wpforms-550-field_4_1\">Large (over 250 people)<\/label><\/li><li class=\"choice-2 depth-1\"><input type=\"checkbox\" id=\"wpforms-550-field_4_2\" name=\"wpforms[fields][4][]\" value=\"Medium (up to 250 people)\" aria-errormessage=\"wpforms-550-field_4_2-error\" required\/><label class=\"wpforms-field-label-inline\" for=\"wpforms-550-field_4_2\">Medium (up to 250 people)<\/label><\/li><li class=\"choice-3 depth-1\"><input type=\"checkbox\" id=\"wpforms-550-field_4_3\" name=\"wpforms[fields][4][]\" value=\"Small (up to 50 people)\" aria-errormessage=\"wpforms-550-field_4_3-error\" required\/><label class=\"wpforms-field-label-inline\" for=\"wpforms-550-field_4_3\">Small (up to 50 people)<\/label><\/li><li class=\"choice-4 depth-1\"><input type=\"checkbox\" id=\"wpforms-550-field_4_4\" name=\"wpforms[fields][4][]\" value=\"Micro (up to 10 people)\" aria-errormessage=\"wpforms-550-field_4_4-error\" required\/><label class=\"wpforms-field-label-inline\" for=\"wpforms-550-field_4_4\">Micro (up to 10 people)<\/label><\/li><\/ul><\/fieldset><\/div><div id=\"wpforms-550-field_6-container\" class=\"wpforms-field wpforms-field-select wpforms-field-select-style-classic\" data-field-id=\"6\"><label class=\"wpforms-field-label\" for=\"wpforms-550-field_6\">Industry <span class=\"wpforms-required-label\" aria-hidden=\"true\">*<\/span><\/label><select id=\"wpforms-550-field_6\" class=\"wpforms-field-medium wpforms-field-required\" name=\"wpforms[fields][6]\" required=\"required\"><option value=\"\" class=\"placeholder\" disabled  selected='selected'>--- Select an option ---<\/option><option value=\"Inne*\"  class=\"choice-29 depth-1\">Inne*<\/option><option value=\"IT \/ Technology\"  class=\"choice-30 depth-1\">IT \/ Technology<\/option><option value=\"Telecommunications\"  class=\"choice-32 depth-1\">Telecommunications<\/option><option value=\"Finance \/ Banking\"  class=\"choice-34 depth-1\">Finance \/ Banking<\/option><option value=\"Insurance\"  class=\"choice-36 depth-1\">Insurance<\/option><option value=\"E-commerce\"  class=\"choice-38 depth-1\">E-commerce<\/option><option value=\"Marketing \/ Advertising \/ PR\"  class=\"choice-40 depth-1\">Marketing \/ Advertising \/ PR<\/option><option value=\"Sales \/ Trade\"  class=\"choice-42 depth-1\">Sales \/ Trade<\/option><option value=\"Training \/ Competence Development\"  class=\"choice-44 depth-1\">Training \/ Competence Development<\/option><option value=\"Education\"  class=\"choice-46 depth-1\">Education<\/option><option value=\"Health \/ Medicine\"  class=\"choice-48 depth-1\">Health \/ Medicine<\/option><option value=\"Pharmaceuticals\"  class=\"choice-50 depth-1\">Pharmaceuticals<\/option><option value=\"Manufacturing \/ Industry\"  class=\"choice-52 depth-1\">Manufacturing \/ Industry<\/option><option value=\"Logistics \/ Transport \/ Freight\"  class=\"choice-54 depth-1\">Logistics \/ Transport \/ Freight<\/option><option value=\"Construction \/ Real Estate\"  class=\"choice-56 depth-1\">Construction \/ Real Estate<\/option><option value=\"Energy\"  class=\"choice-58 depth-1\">Energy<\/option><option value=\"Automotive\"  class=\"choice-60 depth-1\">Automotive<\/option><option value=\"HR \/ Recruitment\"  class=\"choice-62 depth-1\">HR \/ Recruitment<\/option><option value=\"Consulting\"  class=\"choice-64 depth-1\">Consulting<\/option><option value=\"Public Administration\"  class=\"choice-66 depth-1\">Public Administration<\/option><option value=\"Law \/ Legal Services\"  class=\"choice-68 depth-1\">Law \/ Legal Services<\/option><option value=\"Social Organizations\"  class=\"choice-70 depth-1\">Social Organizations<\/option><option value=\"Hospitality \/ Catering \/ Tourism\"  class=\"choice-72 depth-1\">Hospitality \/ Catering \/ Tourism<\/option><option value=\"Agriculture \/ Forestry\"  class=\"choice-74 depth-1\">Agriculture \/ Forestry<\/option><option value=\"Media \/ Publishing\"  class=\"choice-76 depth-1\">Media \/ Publishing<\/option><option value=\"Art \/ Creative\"  class=\"choice-78 depth-1\">Art \/ Creative<\/option><option value=\"Other*\"  class=\"choice-80 depth-1\">Other*<\/option><\/select><div id=\"wpforms-550-field_6-description\" class=\"wpforms-field-description\">If you don't see your industry on the list, please enter it in the field below.<\/div><\/div><div id=\"wpforms-550-field_7-container\" class=\"wpforms-field wpforms-field-text\" data-field-id=\"7\"><input type=\"text\" id=\"wpforms-550-field_7\" class=\"wpforms-field-medium\" name=\"wpforms[fields][7]\" aria-errormessage=\"wpforms-550-field_7-error\"\/><\/div><div id=\"wpforms-550-field_10-container\" class=\"wpforms-field wpforms-field-checkbox\" data-field-id=\"10\"><fieldset><legend class=\"wpforms-field-label\">What is the main purpose of the online conversations you have? <span class=\"wpforms-required-label\" aria-hidden=\"true\">*<\/span><\/legend><ul id=\"wpforms-550-field_10\" class=\"wpforms-field-required\"><li class=\"choice-7 depth-1\"><input type=\"checkbox\" id=\"wpforms-550-field_10_7\" name=\"wpforms[fields][10][]\" value=\"Regular online meetings\" aria-errormessage=\"wpforms-550-field_10_7-error\" required\/><label class=\"wpforms-field-label-inline\" for=\"wpforms-550-field_10_7\">Regular online meetings<\/label><\/li><li class=\"choice-8 depth-1\"><input type=\"checkbox\" id=\"wpforms-550-field_10_8\" name=\"wpforms[fields][10][]\" value=\"Negotiations\" aria-errormessage=\"wpforms-550-field_10_8-error\" required\/><label class=\"wpforms-field-label-inline\" for=\"wpforms-550-field_10_8\">Negotiations<\/label><\/li><li class=\"choice-9 depth-1\"><input type=\"checkbox\" id=\"wpforms-550-field_10_9\" name=\"wpforms[fields][10][]\" value=\"Sales\" aria-errormessage=\"wpforms-550-field_10_9-error\" required\/><label class=\"wpforms-field-label-inline\" for=\"wpforms-550-field_10_9\">Sales<\/label><\/li><li class=\"choice-10 depth-1\"><input type=\"checkbox\" id=\"wpforms-550-field_10_10\" name=\"wpforms[fields][10][]\" value=\"Assistance\" aria-errormessage=\"wpforms-550-field_10_10-error\" required\/><label class=\"wpforms-field-label-inline\" for=\"wpforms-550-field_10_10\">Assistance<\/label><\/li><li class=\"choice-11 depth-1\"><input type=\"checkbox\" id=\"wpforms-550-field_10_11\" name=\"wpforms[fields][10][]\" value=\"Service\" aria-errormessage=\"wpforms-550-field_10_11-error\" required\/><label class=\"wpforms-field-label-inline\" for=\"wpforms-550-field_10_11\">Service<\/label><\/li><li class=\"choice-12 depth-1\"><input type=\"checkbox\" id=\"wpforms-550-field_10_12\" name=\"wpforms[fields][10][]\" value=\"Other*\" aria-errormessage=\"wpforms-550-field_10_12-error\" required\/><label class=\"wpforms-field-label-inline\" for=\"wpforms-550-field_10_12\">Other*<\/label><\/li><\/ul><\/fieldset><\/div><div id=\"wpforms-550-field_11-container\" class=\"wpforms-field wpforms-field-text\" data-field-id=\"11\"><input type=\"text\" id=\"wpforms-550-field_11\" class=\"wpforms-field-medium\" name=\"wpforms[fields][11]\" aria-errormessage=\"wpforms-550-field_11-error\"\/><\/div><div id=\"wpforms-550-field_12-container\" class=\"wpforms-field wpforms-field-checkbox\" data-field-id=\"12\"><fieldset><legend class=\"wpforms-field-label\">How did you hear about Sufler? * <span class=\"wpforms-required-label\" aria-hidden=\"true\">*<\/span><\/legend><ul id=\"wpforms-550-field_12\" class=\"wpforms-field-required\"><li class=\"choice-14 depth-1\"><input type=\"checkbox\" id=\"wpforms-550-field_12_14\" name=\"wpforms[fields][12][]\" value=\"Social media (Instagram \/ Facebook \/ LinkedIn)\" aria-errormessage=\"wpforms-550-field_12_14-error\" required\/><label class=\"wpforms-field-label-inline\" for=\"wpforms-550-field_12_14\">Social media (Instagram \/ Facebook \/ LinkedIn)<\/label><\/li><li class=\"choice-15 depth-1\"><input type=\"checkbox\" id=\"wpforms-550-field_12_15\" name=\"wpforms[fields][12][]\" value=\"Post by the founder of Sufler\" aria-errormessage=\"wpforms-550-field_12_15-error\" required\/><label class=\"wpforms-field-label-inline\" for=\"wpforms-550-field_12_15\">Post by the founder of Sufler<\/label><\/li><li class=\"choice-16 depth-1\"><input type=\"checkbox\" id=\"wpforms-550-field_12_16\" name=\"wpforms[fields][12][]\" value=\"From a friend \/ recommendation\" aria-errormessage=\"wpforms-550-field_12_16-error\" required\/><label class=\"wpforms-field-label-inline\" for=\"wpforms-550-field_12_16\">From a friend \/ recommendation<\/label><\/li><li class=\"choice-17 depth-1\"><input type=\"checkbox\" id=\"wpforms-550-field_12_17\" name=\"wpforms[fields][12][]\" value=\"Newsletter\" aria-errormessage=\"wpforms-550-field_12_17-error\" required\/><label class=\"wpforms-field-label-inline\" for=\"wpforms-550-field_12_17\">Newsletter<\/label><\/li><li class=\"choice-18 depth-1\"><input type=\"checkbox\" id=\"wpforms-550-field_12_18\" name=\"wpforms[fields][12][]\" value=\"Sufler website\" aria-errormessage=\"wpforms-550-field_12_18-error\" required\/><label class=\"wpforms-field-label-inline\" for=\"wpforms-550-field_12_18\">Sufler website<\/label><\/li><li class=\"choice-19 depth-1\"><input type=\"checkbox\" id=\"wpforms-550-field_12_19\" name=\"wpforms[fields][12][]\" value=\"Google search\" aria-errormessage=\"wpforms-550-field_12_19-error\" required\/><label class=\"wpforms-field-label-inline\" for=\"wpforms-550-field_12_19\">Google search<\/label><\/li><li class=\"choice-20 depth-1\"><input type=\"checkbox\" id=\"wpforms-550-field_12_20\" name=\"wpforms[fields][12][]\" value=\"Event \/ conference \/ meetup\" aria-errormessage=\"wpforms-550-field_12_20-error\" required\/><label class=\"wpforms-field-label-inline\" for=\"wpforms-550-field_12_20\">Event \/ conference \/ meetup<\/label><\/li><li class=\"choice-21 depth-1\"><input type=\"checkbox\" id=\"wpforms-550-field_12_21\" name=\"wpforms[fields][12][]\" value=\"Facebook group \/ industry community\" aria-errormessage=\"wpforms-550-field_12_21-error\" required\/><label class=\"wpforms-field-label-inline\" for=\"wpforms-550-field_12_21\">Facebook group \/ industry community<\/label><\/li><li class=\"choice-22 depth-1\"><input type=\"checkbox\" id=\"wpforms-550-field_12_22\" name=\"wpforms[fields][12][]\" value=\"Online advertisement\" aria-errormessage=\"wpforms-550-field_12_22-error\" required\/><label class=\"wpforms-field-label-inline\" for=\"wpforms-550-field_12_22\">Online advertisement<\/label><\/li><li class=\"choice-23 depth-1\"><input type=\"checkbox\" id=\"wpforms-550-field_12_23\" name=\"wpforms[fields][12][]\" value=\"Other*\" aria-errormessage=\"wpforms-550-field_12_23-error\" required\/><label class=\"wpforms-field-label-inline\" for=\"wpforms-550-field_12_23\">Other*<\/label><\/li><\/ul><\/fieldset><\/div><div id=\"wpforms-550-field_13-container\" class=\"wpforms-field wpforms-field-text\" data-field-id=\"13\"><input type=\"text\" id=\"wpforms-550-field_13\" class=\"wpforms-field-medium\" name=\"wpforms[fields][13]\" aria-errormessage=\"wpforms-550-field_13-error\"\/><\/div><script>\n\t\t\t\t( function() {\n\t\t\t\t\tconst style = document.createElement( 'style' );\n\t\t\t\t\tstyle.appendChild( document.createTextNode( '#wpforms-550-field_5-container { position: absolute !important; overflow: hidden !important; display: inline !important; height: 1px !important; width: 1px !important; z-index: -1000 !important; padding: 0 !important; } #wpforms-550-field_5-container input { visibility: hidden; } #wpforms-conversational-form-page #wpforms-550-field_5-container label { counter-increment: none; }' ) );\n\t\t\t\t\tdocument.head.appendChild( style );\n\t\t\t\t\tdocument.currentScript?.remove();\n\t\t\t\t} )();\n\t\t\t<\/script><\/div><!-- .wpforms-field-container --><div class=\"wpforms-submit-container\"><input type=\"hidden\" name=\"wpforms[id]\" value=\"550\"\/><input type=\"hidden\" name=\"page_title\" value=\"\"\/><input type=\"hidden\" name=\"page_url\" value=\"https:\/\/sufler.ai\/pl\/wp-json\/wp\/v2\/pages\/330\"\/><input type=\"hidden\" name=\"url_referer\" value=\"\"\/><button type=\"submit\" name=\"wpforms[submit]\" id=\"wpforms-submit-550\" class=\"wpforms-submit\" data-alt-text=\"Wysy\u0142anie...\" data-submit-text=\"Sign up\" aria-live=\"assertive\" value=\"wpforms-submit\">Sign up<\/button><img decoding=\"async\" src=\"https:\/\/sufler.ai\/wp-content\/plugins\/wpforms-lite\/assets\/images\/submit-spin.svg\" class=\"wpforms-submit-spinner\" style=\"display: none;\" width=\"26\" height=\"26\" alt=\"Wczytywanie\"\/><\/div><\/form><\/div>  <!-- .wpforms-container -->\t\t\t\t<\/div>\n\t\t\t\t<\/div>\n\t\t<div class=\"elementor-element elementor-element-a07da0a e-con-full e-flex wpr-particle-no wpr-jarallax-no wpr-parallax-no wpr-sticky-section-no e-con e-child\" data-id=\"a07da0a\" data-element_type=\"container\" data-e-type=\"container\">\n\t\t\t\t<div class=\"elementor-element elementor-element-2daaae1 elementor-widget elementor-widget-read-more\" data-id=\"2daaae1\" data-element_type=\"widget\" data-e-type=\"widget\" data-widget_type=\"read-more.default\">\n\t\t\t\t\t<\/div><\/div><\/div><\/div><\/div> <a href=\"https:\/\/sufler.ai\/pl\/zapisz-sie\/#more-330\" class=\"more-link elementor-more-link\"><span aria-label=\"Czytaj dalej Zapisz si\u0119\">Czytaj dalej<\/span><\/a>","protected":false},"excerpt":{"rendered":"<p>Zapisz si\u0119 na testy! Formularz powsta\u0142, aby zebra\u0107 osoby zainteresowane udzia\u0142em w testach Suflera i umo\u017cliwi\u0107 nam dopasowanie narz\u0119dzia do realnych potrzeb u\u017cytkownik\u00f3w. Aby wype\u0142ni\u0107 ten formularz, w\u0142\u0105cz obs\u0142ug\u0119 JavaScript w przegl\u0105darce.Aby wype\u0142ni\u0107 ten formularz, w\u0142\u0105cz obs\u0142ug\u0119 JavaScript w przegl\u0105darce. Dane kontaktowe: Imi\u0119 i nazwisko, e-mail * Pierwszy\u015arodekOstatni Stanowisko *Nazwa firmy Wielko\u015b\u0107 firmy * Du\u017ca (powy\u017cej 250 os\u00f3b) \u015arednia (do 250 os\u00f3b) Ma\u0142a (do 50 os\u00f3b) Mikro (do 10 os\u00f3b) Wielko\u015b\u0107 firmy Wybrana warto\u015b\u0107: 0 Bran\u017ca *&#8212; Wska\u017c opcj\u0119 do wyboru &#8212;IT \/ TechnologieTelekomunikacjaFinanse \/ Bankowo\u015b\u0107UbezpieczeniaE-commerceMarketing \/ Reklama \/ PRSprzeda\u017c \/ HandelSzkolenia \/ Rozw\u00f3j kompetencjiEdukacjaZdrowie \/ MedycynaFarmacjaProdukcja \/ Przemys\u0142Logistyka \/ Transport \/ SpedycjaBudownictwo \/ Nieruchomo\u015bciEnergetykaMotoryzacjaHR \/ RekrutacjaDoradztwo \/ ConsultingAdministracja publicznaPrawo \/ Us\u0142ugi prawneOrganizacje spo\u0142eczneGastronomia \/ Hotelarstwo \/ TurystykaRolnictwo \/ Le\u015bnictwoMedia \/ WydawnictwaSztuka \/ KreatywneInne**Je\u015bli nie widzisz swojej bran\u017cy na li\u015bcie, wpisz j\u0105 prosz\u0119 w poni\u017csze pole. W jakim celu najcz\u0119\u015bciej prowadzisz rozmowy online? * Zwyk\u0142e spotkania online Negocjacje Sprzeda\u017c Pomoc Serwis Inne* *Je\u015bli nie widzisz swojej bran\u017cy na li\u015bcie, wpisz j\u0105 prosz\u0119 w poni\u017csze pole. Sk\u0105d wiesz o Suflerze? * Pierwsza opcja do wyboru Druga opcja do wyboru Trzecia opcja do wyboru Social media (Instagram \/ Facebook \/ LinkedIn) Post za\u0142o\u017cyciela Suflera Od znajomego \/ polecenie Newsletter Strona internetowa Suflera Wyszukiwarka Google Wydarzenie \/ konferencja \/ meetup Grupa na Facebooku \/ spo\u0142eczno\u015b\u0107 bran\u017cowa Reklama online Inne* *Je\u015bli nie widzisz swojej bran\u017cy na li\u015bcie, wpisz j\u0105 prosz\u0119 w poni\u017csze pole. Zapisz si\u0119<\/p>","protected":false},"author":1,"featured_media":0,"parent":0,"menu_order":0,"comment_status":"closed","ping_status":"closed","template":"","meta":{"footnotes":""},"class_list":["post-330","page","type-page","status-publish","hentry"],"aioseo_notices":[],"_links":{"self":[{"href":"https:\/\/sufler.ai\/pl\/wp-json\/wp\/v2\/pages\/330","targetHints":{"allow":["GET"]}}],"collection":[{"href":"https:\/\/sufler.ai\/pl\/wp-json\/wp\/v2\/pages"}],"about":[{"href":"https:\/\/sufler.ai\/pl\/wp-json\/wp\/v2\/types\/page"}],"author":[{"embeddable":true,"href":"https:\/\/sufler.ai\/pl\/wp-json\/wp\/v2\/users\/1"}],"replies":[{"embeddable":true,"href":"https:\/\/sufler.ai\/pl\/wp-json\/wp\/v2\/comments?post=330"}],"version-history":[{"count":18,"href":"https:\/\/sufler.ai\/pl\/wp-json\/wp\/v2\/pages\/330\/revisions"}],"predecessor-version":[{"id":574,"href":"https:\/\/sufler.ai\/pl\/wp-json\/wp\/v2\/pages\/330\/revisions\/574"}],"wp:attachment":[{"href":"https:\/\/sufler.ai\/pl\/wp-json\/wp\/v2\/media?parent=330"}],"curies":[{"name":"wp","href":"https:\/\/api.w.org\/{rel}","templated":true}]}}